{"id":9,"date":"2026-03-18T17:06:37","date_gmt":"2026-03-18T17:06:37","guid":{"rendered":"https:\/\/mattiasj.se\/?page_id=9"},"modified":"2026-03-18T20:51:42","modified_gmt":"2026-03-18T20:51:42","slug":"mattias-j-seo-expert","status":"publish","type":"page","link":"https:\/\/mattiasj.se\/","title":{"rendered":""},"content":{"rendered":"\n<p><\/p>\n\n\n\n<h1 class=\"wp-block-heading has-text-align-center\">Mattias Johansson<\/h1>\n\n\n<div class=\"wp-block-image is-style-default\">\n<figure class=\"aligncenter size-full\"><img loading=\"lazy\" decoding=\"async\" width=\"250\" height=\"250\" src=\"https:\/\/mattiasj.se\/wp-content\/uploads\/2026\/03\/mj-grey-250.jpg\" alt=\"\" class=\"wp-image-49\" srcset=\"https:\/\/mattiasj.se\/wp-content\/uploads\/2026\/03\/mj-grey-250.jpg 250w, https:\/\/mattiasj.se\/wp-content\/uploads\/2026\/03\/mj-grey-250-150x150.jpg 150w\" sizes=\"auto, (max-width: 250px) 100vw, 250px\" \/><\/figure>\n<\/div>\n\n\n<p class=\"has-text-align-center\">I \u00f6ver 12 \u00e5r har jag arbetat med SEO i alla dess former, skapat och genomf\u00f6rt strategier f\u00f6r \u00f6kad synlighet och trafik f\u00f6r n\u00e5gra av Sveriges st\u00f6rsta f\u00f6retag.<\/p>\n\n\n\n<h2 class=\"wp-block-heading has-text-align-center\">Google Discover<\/h2>\n\n\n\n<p class=\"has-text-align-center\"><strong>\u2022<\/strong> Inneh\u00e5llsstrategi<br><strong>\u2022<\/strong> Utbildning av skribenter<br>\u2022 Effektiv rubriks\u00e4ttning<br>\u2022 Teknisk optimering<\/p>\n\n\n\n<h2 class=\"wp-block-heading has-text-align-center\">Google S\u00f6k<\/h2>\n\n\n\n<p class=\"has-text-align-center\"><strong>\u2022<\/strong> \u00d6vergripande SEO-strategier<br><strong>\u2022<\/strong> Teknisk analys<br><strong>\u2022<\/strong> S\u00f6kordsanalys<\/p>\n\n\n\n<h2 class=\"wp-block-heading has-text-align-center\">Uppdrag<\/h2>\n\n\n\n<div class=\"alignnormal\"><div id=\"metaslider-id-14\" style=\"max-width: 260px; margin: 0 auto;\" class=\"ml-slider-3-106-0 metaslider metaslider-flex metaslider-14 ml-slider has-dots-nav ms-theme-default-base\" role=\"region\" aria-label=\"Nytt bildspel\" data-height=\"260\" data-width=\"260\">\n    <div id=\"metaslider_container_14\">\n        <div id=\"metaslider_14\">\n            <ul aria-live='off' class='slides'>\n                <li style=\"display: block; width: 100%;\" class=\"slide-23 ms-image \" aria-roledescription=\"slide\" data-date=\"2026-03-18 17:00:29\" data-filename=\"Volvo-Logo-250.jpg\" data-slide-type=\"image\"><img loading=\"lazy\" decoding=\"async\" src=\"https:\/\/mattiasj.se\/wp-content\/uploads\/2026\/03\/Volvo-Logo-250.jpg\" height=\"260\" width=\"260\" alt=\"\" class=\"slider-14 slide-23 msDefaultImage\" title=\"Volvo Logo 250\" \/><\/li>\n                <li style=\"display: none; width: 100%;\" class=\"slide-24 ms-image \" aria-roledescription=\"slide\" data-date=\"2026-03-18 17:00:36\" data-filename=\"Lindex-Logo-250.jpg\" data-slide-type=\"image\"><img loading=\"lazy\" decoding=\"async\" src=\"https:\/\/mattiasj.se\/wp-content\/uploads\/2026\/03\/Lindex-Logo-250.jpg\" height=\"260\" width=\"260\" alt=\"\" class=\"slider-14 slide-24 msDefaultImage\" title=\"Lindex Logo 250\" \/><\/li>\n                <li style=\"display: none; width: 100%;\" class=\"slide-34 ms-image \" aria-roledescription=\"slide\" data-date=\"2026-03-18 17:44:15\" data-filename=\"GP-Logo-250.jpg\" data-slide-type=\"image\"><img loading=\"lazy\" decoding=\"async\" src=\"https:\/\/mattiasj.se\/wp-content\/uploads\/2026\/03\/GP-Logo-250.jpg\" height=\"260\" width=\"260\" alt=\"\" class=\"slider-14 slide-34 msDefaultImage\" title=\"GP Logo 250\" \/><\/li>\n                <li style=\"display: none; width: 100%;\" class=\"slide-42 ms-image \" aria-roledescription=\"slide\" data-date=\"2026-03-18 17:52:18\" data-filename=\"HN-Logo-250.jpg\" data-slide-type=\"image\"><img loading=\"lazy\" decoding=\"async\" src=\"https:\/\/mattiasj.se\/wp-content\/uploads\/2026\/03\/HN-Logo-250.jpg\" height=\"260\" width=\"260\" alt=\"\" class=\"slider-14 slide-42 msDefaultImage\" title=\"HN Logo 250\" \/><\/li>\n                <li style=\"display: none; width: 100%;\" class=\"slide-43 ms-image \" aria-roledescription=\"slide\" data-date=\"2026-03-18 17:52:24\" data-filename=\"TTELA-Logo-250.jpg\" data-slide-type=\"image\"><img loading=\"lazy\" decoding=\"async\" src=\"https:\/\/mattiasj.se\/wp-content\/uploads\/2026\/03\/TTELA-Logo-250.jpg\" height=\"260\" width=\"260\" alt=\"\" class=\"slider-14 slide-43 msDefaultImage\" title=\"TTELA Logo 250\" \/><\/li>\n                <li style=\"display: none; width: 100%;\" class=\"slide-44 ms-image \" aria-roledescription=\"slide\" data-date=\"2026-03-18 17:52:29\" data-filename=\"HP-logo-250.jpg\" data-slide-type=\"image\"><img loading=\"lazy\" decoding=\"async\" src=\"https:\/\/mattiasj.se\/wp-content\/uploads\/2026\/03\/HP-logo-250.jpg\" height=\"260\" width=\"260\" alt=\"\" class=\"slider-14 slide-44 msDefaultImage\" title=\"HP logo 250\" \/><\/li>\n                <li style=\"display: none; width: 100%;\" class=\"slide-45 ms-image \" aria-roledescription=\"slide\" data-date=\"2026-03-18 17:52:35\" data-filename=\"STT-logo-250.jpg\" data-slide-type=\"image\"><img loading=\"lazy\" decoding=\"async\" src=\"https:\/\/mattiasj.se\/wp-content\/uploads\/2026\/03\/STT-logo-250.jpg\" height=\"260\" width=\"260\" alt=\"\" class=\"slider-14 slide-45 msDefaultImage\" title=\"STT logo 250\" \/><\/li>\n                <li style=\"display: none; width: 100%;\" class=\"slide-46 ms-image \" aria-roledescription=\"slide\" data-date=\"2026-03-18 17:52:39\" data-filename=\"AT-logo-250.jpg\" data-slide-type=\"image\"><img loading=\"lazy\" decoding=\"async\" src=\"https:\/\/mattiasj.se\/wp-content\/uploads\/2026\/03\/AT-logo-250.jpg\" height=\"260\" width=\"260\" alt=\"\" class=\"slider-14 slide-46 msDefaultImage\" title=\"AT logo 250\" \/><\/li>\n            <\/ul>\n        <\/div>\n        \n    <\/div>\n<\/div><\/div>\n\n\n\n<p class=\"has-text-align-center\">Om ditt f\u00f6retag beh\u00f6ver hj\u00e4lp med Google Discover &amp; S\u00f6k &#8211; l\u00e5t oss samarbeta!<br><strong>Kontakta mig:<\/strong> <em>mattias@mattiasj.se<\/em><\/p>\n\n\n\n<p><\/p>\n","protected":false},"excerpt":{"rendered":"<p>Mattias Johansson I \u00f6ver 12 \u00e5r har jag arbetat med SEO i alla dess former, skapat och genomf\u00f6rt strategier f\u00f6r \u00f6kad synlighet och trafik f\u00f6r n\u00e5gra av Sveriges st\u00f6rsta f\u00f6retag. Google Discover \u2022 Inneh\u00e5llsstrategi\u2022 Utbildning av skribenter\u2022 Effektiv rubriks\u00e4ttning\u2022 Teknisk optimering Google S\u00f6k \u2022 \u00d6vergripande SEO-strategier\u2022 Teknisk analys\u2022 S\u00f6kordsanalys Uppdrag Om ditt f\u00f6retag beh\u00f6ver hj\u00e4lp &#8230; <a title=\"\" class=\"read-more\" href=\"https:\/\/mattiasj.se\/\" aria-label=\"L\u00e4s mer om \">L\u00e4s mer<\/a><\/p>\n","protected":false},"author":1,"featured_media":0,"parent":0,"menu_order":0,"comment_status":"closed","ping_status":"closed","template":"","meta":{"footnotes":""},"class_list":["post-9","page","type-page","status-publish"],"featured_image_src":null,"_links":{"self":[{"href":"https:\/\/mattiasj.se\/index.php\/wp-json\/wp\/v2\/pages\/9","targetHints":{"allow":["GET"]}}],"collection":[{"href":"https:\/\/mattiasj.se\/index.php\/wp-json\/wp\/v2\/pages"}],"about":[{"href":"https:\/\/mattiasj.se\/index.php\/wp-json\/wp\/v2\/types\/page"}],"author":[{"embeddable":true,"href":"https:\/\/mattiasj.se\/index.php\/wp-json\/wp\/v2\/users\/1"}],"replies":[{"embeddable":true,"href":"https:\/\/mattiasj.se\/index.php\/wp-json\/wp\/v2\/comments?post=9"}],"version-history":[{"count":12,"href":"https:\/\/mattiasj.se\/index.php\/wp-json\/wp\/v2\/pages\/9\/revisions"}],"predecessor-version":[{"id":60,"href":"https:\/\/mattiasj.se\/index.php\/wp-json\/wp\/v2\/pages\/9\/revisions\/60"}],"wp:attachment":[{"href":"https:\/\/mattiasj.se\/index.php\/wp-json\/wp\/v2\/media?parent=9"}],"curies":[{"name":"wp","href":"https:\/\/api.w.org\/{rel}","templated":true}]}}